{"id":128,"date":"2021-02-02T10:25:30","date_gmt":"2021-02-02T09:25:30","guid":{"rendered":"http:\/\/3d-tex.fr\/?page_id=128"},"modified":"2025-02-11T10:47:58","modified_gmt":"2025-02-11T09:47:58","slug":"3d-tex-services","status":"publish","type":"page","link":"https:\/\/3d-tex.fr\/index.php\/3d-tex-services\/","title":{"rendered":"NOS SERVICES"},"content":{"rendered":"\n<div class=\"wp-block-columns are-vertically-aligned-center\">\n<div class=\"wp-block-column is-vertically-aligned-center\">\n<figure class=\"wp-block-image size-full\"><img loading=\"lazy\" width=\"2000\" height=\"1414\" src=\"http:\/\/3d-tex.fr\/wp-content\/uploads\/2022\/03\/200-PIECES-REF-COULEUR-2.jpg\" alt=\"\" class=\"wp-image-1489\" srcset=\"https:\/\/3d-tex.fr\/wp-content\/uploads\/2022\/03\/200-PIECES-REF-COULEUR-2.jpg 2000w, https:\/\/3d-tex.fr\/wp-content\/uploads\/2022\/03\/200-PIECES-REF-COULEUR-2-768x542.jpg 768w\" sizes=\"(max-width: 2000px) 100vw, 2000px\" \/><\/figure>\n<\/div>\n\n\n\n<div class=\"wp-block-column is-vertically-aligned-center\">\n<p class=\"has-text-align-center has-text-color\" style=\"color:#59bda8;font-size:22px\"><strong>3D-Tex est une usine enti\u00e8rement automatis\u00e9e qui fabrique des pulls en 3D, sans couture, en s&rsquo;appuyant sur les derni\u00e8res services technologiques<\/strong><\/p>\n<\/div>\n<\/div>\n\n\n\n<p class=\"has-white-color has-text-color\">3D-Tex<\/p>\n\n\n\n<div class=\"wp-block-columns\">\n<div class=\"wp-block-column\">\n<figure class=\"wp-block-video\"><video autoplay loop muted src=\"http:\/\/3d-tex.fr\/wp-content\/uploads\/2021\/03\/SOURCING-2.mp4\" playsinline><\/video><\/figure>\n<\/div>\n\n\n\n<div class=\"wp-block-column\" style=\"flex-basis:65%\">\n<p class=\"has-black-color has-text-color\" style=\"font-size:22px\">Chez 3D-Tex, nous vous proposons un service sourcing de mati\u00e8res premi\u00e8res, principalement fran\u00e7aises, ou europ\u00e9ennes, qui r\u00e9pondent aux exigences de qualit\u00e9 et de tra\u00e7abilit\u00e9 attendues par le march\u00e9.<\/p>\n<\/div>\n<\/div>\n\n\n\n<div class=\"wp-block-columns\">\n<div class=\"wp-block-column\">\n<figure class=\"wp-block-video\"><video autoplay loop muted src=\"http:\/\/3d-tex.fr\/wp-content\/uploads\/2021\/03\/SOURCING-4.mp4\" playsinline><\/video><\/figure>\n<\/div>\n\n\n\n<div class=\"wp-block-column\" style=\"flex-basis:65%\">\n<p class=\"has-black-color has-text-color\" style=\"font-size:21px\">Notre offre s&rsquo;appuie sur une digitalisation totale, de la conception des produits \u00e0 la fabrication.<\/p>\n\n\n\n<p class=\"has-black-color has-text-color\" style=\"font-size:21px\">Au sein du 3D-LAB, nous d\u00e9veloppons des \u00ab\u00a0jumeaux virtuels\u00a0\u00bb qui permettent d&rsquo;offrir un gain de temps pr\u00e9cieux sur la mise au point et la validation des produits avant la fabrication.<\/p>\n\n\n\n<p class=\"has-black-color has-text-color\" style=\"font-size:21px\">Apr\u00e8s avoir programm\u00e9 vos mod\u00e8les, nous vous donnons la possibilit\u00e9 de les visualiser de mani\u00e8re virtuelle. Gr\u00e2ce \u00e0 l&rsquo;ultra-r\u00e9alisme de ces mod\u00e8les virtuels, vous \u00eates ainsi en mesure de vous projeter facilement. Puis d&rsquo;apporter les modifications \u00e0 vos produits en quelques clics.<\/p>\n\n\n\n<p class=\"has-black-color has-text-color\" style=\"font-size:21px\">Ce syst\u00e8me vous permet de passer plus de temps pour imaginer des collections encore plus belles.<\/p>\n\n\n\n<div class=\"wp-block-buttons is-content-justification-center\">\n<div class=\"wp-block-button is-style-outline\"><a class=\"wp-block-button__link has-text-color no-border-radius\" href=\"http:\/\/3d-tex.fr\/index.php\/jumeaux-virtuels\/\" style=\"color:#59bda8\">EN SAVOIR PLUS<\/a><\/div>\n<\/div>\n<\/div>\n<\/div>\n\n\n\n<div class=\"wp-block-columns\">\n<div class=\"wp-block-column\">\n<figure class=\"wp-block-video\"><video autoplay loop muted src=\"http:\/\/3d-tex.fr\/wp-content\/uploads\/2021\/03\/SOURCING-3.mp4\" playsinline><\/video><\/figure>\n<\/div>\n\n\n\n<div class=\"wp-block-column\" style=\"flex-basis:65%\">\n<p class=\"has-black-color has-text-color\" style=\"font-size:21px\">Nos machines de toute derni\u00e8re g\u00e9n\u00e9ration tricotent des pulls en 3D, sans couture.<\/p>\n\n\n\n<p class=\"has-black-color has-text-color\" style=\"font-size:21px\">Cette technologie, dite \u00ab&nbsp;int\u00e9grale&nbsp;\u00bb, permet de gagner un temps pr\u00e9cieux lors de la fabrication, et donc de rendre l\u2019offre de fabrication fran\u00e7aise plus accessible.<\/p>\n<\/div>\n<\/div>\n\n\n\n<div class=\"wp-block-buttons is-content-justification-center\">\n<div class=\"wp-block-button is-style-outline\"><a class=\"wp-block-button__link has-text-color no-border-radius\" href=\"http:\/\/3d-tex.fr\/index.php\/r-s-e\/\" style=\"color:#59bda8\">APPROCHE R.S.E<\/a><\/div>\n<\/div>\n\n\n\n<p><\/p>\n","protected":false},"excerpt":{"rendered":"<p>3D-Tex est une usine enti\u00e8rement automatis\u00e9e qui fabrique des pulls en 3D, sans couture, en s&rsquo;appuyant sur les derni\u00e8res services technologiques 3D-Tex Chez 3D-Tex, nous vous proposons un service sourcing de mati\u00e8res premi\u00e8res, principalement fran\u00e7aises, ou europ\u00e9ennes, qui r\u00e9pondent aux exigences de qualit\u00e9 et de tra\u00e7abilit\u00e9 attendues par le march\u00e9. Notre offre s&rsquo;appuie sur une digitalisation totale, de la conception des produits \u00e0 la fabrication. Au sein du 3D-LAB, nous d\u00e9veloppons des \u00ab\u00a0jumeaux virtuels\u00a0\u00bb qui permettent d&rsquo;offrir un gain de temps pr\u00e9cieux sur la mise au point et la validation des produits avant la fabrication. Apr\u00e8s avoir programm\u00e9 vos mod\u00e8les, nous vous donnons la possibilit\u00e9 de les visualiser de mani\u00e8re virtuelle. Gr\u00e2ce \u00e0 l&rsquo;ultra-r\u00e9alisme de ces mod\u00e8les virtuels, vous \u00eates ainsi en mesure de vous projeter facilement. Puis d&rsquo;apporter les modifications \u00e0 vos produits en quelques clics. Ce syst\u00e8me vous permet de passer plus de temps pour imaginer des collections&hellip;<\/p>\n<p> <a class=\"more-link\" href=\"https:\/\/3d-tex.fr\/index.php\/3d-tex-services\/\">Lire la suite<\/a><\/p>\n","protected":false},"author":1,"featured_media":541,"parent":0,"menu_order":0,"comment_status":"closed","ping_status":"closed","template":"","meta":[],"yoast_head":"<!-- This site is optimized with the Yoast SEO plugin v16.0.1 - https:\/\/yoast.com\/wordpress\/plugins\/seo\/ -->\n<title>NOS SERVICES - 3D-Tex - Tricot 3D fabrication fran\u00e7aise<\/title>\n<meta name=\"description\" content=\"3D-Tex, une usine enti\u00e8rement automatis\u00e9e qui fabrique des pulls en 3D, sans couture, en s&#039;appuyant sur les derni\u00e8res services technologiques.\" \/>\n<link rel=\"canonical\" href=\"https:\/\/3d-tex.fr\/index.php\/3d-tex-services\/\" \/>\n<meta property=\"og:locale\" content=\"fr_FR\" \/>\n<meta property=\"og:type\" content=\"article\" \/>\n<meta property=\"og:title\" content=\"NOS SERVICES - 3D-Tex - Tricot 3D fabrication fran\u00e7aise\" \/>\n<meta property=\"og:description\" content=\"3D-Tex, une usine enti\u00e8rement automatis\u00e9e qui fabrique des pulls en 3D, sans couture, en s&#039;appuyant sur les derni\u00e8res services technologiques.\" \/>\n<meta property=\"og:url\" content=\"https:\/\/3d-tex.fr\/index.php\/3d-tex-services\/\" \/>\n<meta property=\"og:site_name\" content=\"3D-Tex\" \/>\n<meta property=\"article:modified_time\" content=\"2025-02-11T09:47:58+00:00\" \/>\n<meta property=\"og:image\" content=\"https:\/\/3d-tex.fr\/wp-content\/uploads\/2021\/02\/page-de-garde-format-paysage-3.jpg\" \/>\n\t<meta property=\"og:image:width\" content=\"1730\" \/>\n\t<meta property=\"og:image:height\" content=\"978\" \/>\n<meta name=\"twitter:card\" content=\"summary_large_image\" \/>\n<meta name=\"twitter:label1\" content=\"Dur\u00e9e de lecture est.\">\n\t<meta name=\"twitter:data1\" content=\"2 minutes\">\n<script type=\"application\/ld+json\" class=\"yoast-schema-graph\">{\"@context\":\"https:\/\/schema.org\",\"@graph\":[{\"@type\":\"Organization\",\"@id\":\"https:\/\/3d-tex.fr\/#organization\",\"name\":\"3D-TEX\",\"url\":\"https:\/\/3d-tex.fr\/\",\"sameAs\":[\"https:\/\/www.instagram.com\/3dtex_saintmalo\/\",\"https:\/\/www.linkedin.com\/company\/3d-tex\"],\"logo\":{\"@type\":\"ImageObject\",\"@id\":\"https:\/\/3d-tex.fr\/#logo\",\"inLanguage\":\"fr-FR\",\"url\":\"https:\/\/3d-tex.fr\/wp-content\/uploads\/2021\/03\/Logo-3D-TEX-carre.jpg\",\"width\":628,\"height\":634,\"caption\":\"3D-TEX\"},\"image\":{\"@id\":\"https:\/\/3d-tex.fr\/#logo\"}},{\"@type\":\"WebSite\",\"@id\":\"https:\/\/3d-tex.fr\/#website\",\"url\":\"https:\/\/3d-tex.fr\/\",\"name\":\"3D-Tex\",\"description\":\"L&#039;Usine textile du futur\",\"publisher\":{\"@id\":\"https:\/\/3d-tex.fr\/#organization\"},\"potentialAction\":[{\"@type\":\"SearchAction\",\"target\":\"https:\/\/3d-tex.fr\/?s={search_term_string}\",\"query-input\":\"required name=search_term_string\"}],\"inLanguage\":\"fr-FR\"},{\"@type\":\"ImageObject\",\"@id\":\"https:\/\/3d-tex.fr\/index.php\/3d-tex-services\/#primaryimage\",\"inLanguage\":\"fr-FR\",\"url\":\"https:\/\/3d-tex.fr\/wp-content\/uploads\/2021\/02\/page-de-garde-format-paysage-3.jpg\",\"width\":1730,\"height\":978},{\"@type\":\"WebPage\",\"@id\":\"https:\/\/3d-tex.fr\/index.php\/3d-tex-services\/#webpage\",\"url\":\"https:\/\/3d-tex.fr\/index.php\/3d-tex-services\/\",\"name\":\"NOS SERVICES - 3D-Tex - Tricot 3D fabrication fran\\u00e7aise\",\"isPartOf\":{\"@id\":\"https:\/\/3d-tex.fr\/#website\"},\"primaryImageOfPage\":{\"@id\":\"https:\/\/3d-tex.fr\/index.php\/3d-tex-services\/#primaryimage\"},\"datePublished\":\"2021-02-02T09:25:30+00:00\",\"dateModified\":\"2025-02-11T09:47:58+00:00\",\"description\":\"3D-Tex, une usine enti\\u00e8rement automatis\\u00e9e qui fabrique des pulls en 3D, sans couture, en s'appuyant sur les derni\\u00e8res services technologiques.\",\"breadcrumb\":{\"@id\":\"https:\/\/3d-tex.fr\/index.php\/3d-tex-services\/#breadcrumb\"},\"inLanguage\":\"fr-FR\",\"potentialAction\":[{\"@type\":\"ReadAction\",\"target\":[\"https:\/\/3d-tex.fr\/index.php\/3d-tex-services\/\"]}]},{\"@type\":\"BreadcrumbList\",\"@id\":\"https:\/\/3d-tex.fr\/index.php\/3d-tex-services\/#breadcrumb\",\"itemListElement\":[{\"@type\":\"ListItem\",\"position\":1,\"item\":{\"@type\":\"WebPage\",\"@id\":\"https:\/\/3d-tex.fr\/\",\"url\":\"https:\/\/3d-tex.fr\/\",\"name\":\"Accueil\"}},{\"@type\":\"ListItem\",\"position\":2,\"item\":{\"@type\":\"WebPage\",\"@id\":\"https:\/\/3d-tex.fr\/index.php\/3d-tex-services\/\",\"url\":\"https:\/\/3d-tex.fr\/index.php\/3d-tex-services\/\",\"name\":\"NOS SERVICES\"}}]}]}<\/script>\n<!-- \/ Yoast SEO plugin. -->","_links":{"self":[{"href":"https:\/\/3d-tex.fr\/index.php\/wp-json\/wp\/v2\/pages\/128"}],"collection":[{"href":"https:\/\/3d-tex.fr\/index.php\/wp-json\/wp\/v2\/pages"}],"about":[{"href":"https:\/\/3d-tex.fr\/index.php\/wp-json\/wp\/v2\/types\/page"}],"author":[{"embeddable":true,"href":"https:\/\/3d-tex.fr\/index.php\/wp-json\/wp\/v2\/users\/1"}],"replies":[{"embeddable":true,"href":"https:\/\/3d-tex.fr\/index.php\/wp-json\/wp\/v2\/comments?post=128"}],"version-history":[{"count":83,"href":"https:\/\/3d-tex.fr\/index.php\/wp-json\/wp\/v2\/pages\/128\/revisions"}],"predecessor-version":[{"id":1559,"href":"https:\/\/3d-tex.fr\/index.php\/wp-json\/wp\/v2\/pages\/128\/revisions\/1559"}],"wp:featuredmedia":[{"embeddable":true,"href":"https:\/\/3d-tex.fr\/index.php\/wp-json\/wp\/v2\/media\/541"}],"wp:attachment":[{"href":"https:\/\/3d-tex.fr\/index.php\/wp-json\/wp\/v2\/media?parent=128"}],"curies":[{"name":"wp","href":"https:\/\/api.w.org\/{rel}","templated":true}]}}