{"id":1379,"date":"2021-03-15T16:07:32","date_gmt":"2021-03-15T15:07:32","guid":{"rendered":"http:\/\/3d-tex.fr\/?page_id=1379"},"modified":"2023-05-03T17:04:17","modified_gmt":"2023-05-03T15:04:17","slug":"faq","status":"publish","type":"page","link":"https:\/\/3d-tex.fr\/index.php\/faq\/","title":{"rendered":"FAQ"},"content":{"rendered":"\n<div class=\"wp-block-columns\">\n<div class=\"wp-block-column\">\n<h4 class=\"has-text-color\" style=\"color:#59bda8\">Quelles jauges utilisez-vous ?<\/h4>\n\n\n\n<p class=\"has-black-color has-text-color\">Nous travaillons des tricots de la jauge 7 \u00e0 la jauge 16.<\/p>\n<\/div>\n\n\n\n<div class=\"wp-block-column\">\n<h4 class=\"has-text-color\" style=\"color:#59bda8\">Quelles machines utilisez-vous ?<\/h4>\n\n\n\n<p class=\"has-black-color has-text-color\">3D-TEX est \u00e9quip\u00e9e de machines MACH2XS de la marque SHIMA SEIKI.<\/p>\n<\/div>\n<\/div>\n\n\n\n<div class=\"wp-block-columns\">\n<div class=\"wp-block-column\">\n<h4 class=\"has-text-color\" style=\"color:#59bda8\">Quels titrages utilisez-vous ?<\/h4>\n\n\n\n<p class=\"has-black-color has-text-color\">Nous utilisons des fils de titrages Nm 1\/7 \u00e0 2\/60.<\/p>\n<\/div>\n\n\n\n<div class=\"wp-block-column\">\n<h4 class=\"has-text-color\" style=\"color:#59bda8\">Quelle est votre exp\u00e9rience ?<\/h4>\n\n\n\n<p class=\"has-black-color has-text-color\">Les 3 dirigeants repr\u00e9sentent \u00e0 eux 60 ans d&rsquo;exp\u00e9rience dans l&rsquo;industrie textile. Notre Directeur de production  a une exp\u00e9rience de 25 ann\u00e9es dans le tricotage.<\/p>\n<\/div>\n<\/div>\n\n\n\n<div class=\"wp-block-columns\">\n<div class=\"wp-block-column\">\n<h4 class=\"has-text-color\" style=\"color:#59bda8\">O\u00f9 \u00eates vous install\u00e9s ?<\/h4>\n\n\n\n<p class=\"has-black-color has-text-color\">Nous sommes install\u00e9s \u00e0 Saint-Malo, au coeur de la Silicone Valley du tricotage (venez nous rendre visite !).<\/p>\n<\/div>\n\n\n\n<div class=\"wp-block-column\">\n<h4 class=\"has-text-color\" style=\"color:#59bda8\">Quels produits fabriquez vous ?<\/h4>\n\n\n\n<p class=\"has-black-color has-text-color\">Nous fabriquons exclusivement des produits tricot\u00e9s, exemple : pulls \/ bonnets \/ top \/ coiffe de si\u00e8ge \/ tige de chaussure \/ \u00e9quipement de protection \u2026<\/p>\n<\/div>\n<\/div>\n\n\n\n<div class=\"wp-block-columns\">\n<div class=\"wp-block-column\">\n<h4 class=\"has-text-color\" style=\"color:#59bda8\">Combien de temps est n\u00e9cessaire pour tricoter un pull? <\/h4>\n\n\n\n<p class=\"has-black-color has-text-color\">Les temps de tricotage varient de 20 \u00e0 80minutes, en fonction de la complexit\u00e9 du mod\u00e8le, de la jauge et du fil utilis\u00e9.<\/p>\n<\/div>\n\n\n\n<div class=\"wp-block-column\">\n<h4 class=\"has-text-color\" style=\"color:#59bda8\">Combien de temps faut-il pour \u00eatre livr\u00e9 d&rsquo;une commande ?<\/h4>\n\n\n\n<p class=\"has-black-color has-text-color\">Notre objectif est de livrer nos clients en moins d&rsquo;un mois apr\u00e8s le d\u00e9but de la production, Par ailleurs, gr\u00e2ce \u00e0 la technologie 3D nos machines peuvent travailler 24\/24,  et ainsi offrir la solution de fabrication la plus r\u00e9active et agile du march\u00e9.<\/p>\n<\/div>\n<\/div>\n\n\n\n<div class=\"wp-block-columns\">\n<div class=\"wp-block-column\">\n<h4 class=\"has-text-color\" style=\"color:#59bda8\">Quelle est votre capacit\u00e9 de production?<\/h4>\n\n\n\n<p class=\"has-black-color has-text-color\">Nous avons consid\u00e9r\u00e9 que notre capacit\u00e9 de production \u00e9tait de 7000pcs par mois, \u00e0 pleine charge avec nos 10 1\u00e8res machines. Notre objectif et de pouvoir produire 300,000pcs\/an ultime. <\/p>\n<\/div>\n\n\n\n<div class=\"wp-block-column\">\n<h4 class=\"has-text-color\" style=\"color:#59bda8\">Quels sont vos prix ?<\/h4>\n\n\n\n<p class=\"has-black-color has-text-color\">Il est difficile de r\u00e9pondre \u00e0 cette question sans avoir \u00e9tudi\u00e9 votre mod\u00e8le ni de l&rsquo;avoir programm\u00e9. Le prix d\u00e9pend du temps de tricotage et du fil utilis\u00e9. Nous vendons principalement des minutes de tricotage.<\/p>\n<\/div>\n<\/div>\n\n\n\n<div class=\"wp-block-buttons is-content-justification-center\">\n<div class=\"wp-block-button is-style-outline\"><a class=\"wp-block-button__link has-text-color no-border-radius\" href=\"http:\/\/3d-tex.fr\/index.php\/3d-tex-services\/\" style=\"color:#59bda8\">NOS SERVICES<\/a><\/div>\n<\/div>\n","protected":false},"excerpt":{"rendered":"<p>Quelles jauges utilisez-vous ? Nous travaillons des tricots de la jauge 7 \u00e0 la jauge 16. Quelles machines utilisez-vous ? 3D-TEX est \u00e9quip\u00e9e de machines MACH2XS de la marque SHIMA SEIKI. Quels titrages utilisez-vous ? Nous utilisons des fils de titrages Nm 1\/7 \u00e0 2\/60. Quelle est votre exp\u00e9rience ? Les 3 dirigeants repr\u00e9sentent \u00e0 eux 60 ans d&rsquo;exp\u00e9rience dans l&rsquo;industrie textile. Notre Directeur de production a une exp\u00e9rience de 25 ann\u00e9es dans le tricotage. O\u00f9 \u00eates vous install\u00e9s ? Nous sommes install\u00e9s \u00e0 Saint-Malo, au coeur de la Silicone Valley du tricotage (venez nous rendre visite !). Quels produits fabriquez vous ? Nous fabriquons exclusivement des produits tricot\u00e9s, exemple : pulls \/ bonnets \/ top \/ coiffe de si\u00e8ge \/ tige de chaussure \/ \u00e9quipement de protection \u2026 Combien de temps est n\u00e9cessaire pour tricoter un pull? Les temps de tricotage varient de 20 \u00e0 80minutes, en fonction de&hellip;<\/p>\n<p> <a class=\"more-link\" href=\"https:\/\/3d-tex.fr\/index.php\/faq\/\">Lire la suite<\/a><\/p>\n","protected":false},"author":1,"featured_media":411,"parent":0,"menu_order":0,"comment_status":"closed","ping_status":"closed","template":"","meta":[],"yoast_head":"<!-- This site is optimized with the Yoast SEO plugin v16.0.1 - https:\/\/yoast.com\/wordpress\/plugins\/seo\/ -->\n<title>FAQ - 3D-Tex<\/title>\n<link rel=\"canonical\" href=\"https:\/\/3d-tex.fr\/index.php\/faq\/\" \/>\n<meta property=\"og:locale\" content=\"fr_FR\" \/>\n<meta property=\"og:type\" content=\"article\" \/>\n<meta property=\"og:title\" content=\"FAQ - 3D-Tex\" \/>\n<meta property=\"og:description\" content=\"Quelles jauges utilisez-vous ? Nous travaillons des tricots de la jauge 7 \u00e0 la jauge 16. Quelles machines utilisez-vous ? 3D-TEX est \u00e9quip\u00e9e de machines MACH2XS de la marque SHIMA SEIKI. Quels titrages utilisez-vous ? Nous utilisons des fils de titrages Nm 1\/7 \u00e0 2\/60. Quelle est votre exp\u00e9rience ? Les 3 dirigeants repr\u00e9sentent \u00e0 eux 60 ans d&rsquo;exp\u00e9rience dans l&rsquo;industrie textile. Notre Directeur de production a une exp\u00e9rience de 25 ann\u00e9es dans le tricotage. O\u00f9 \u00eates vous install\u00e9s ? Nous sommes install\u00e9s \u00e0 Saint-Malo, au coeur de la Silicone Valley du tricotage (venez nous rendre visite !). Quels produits fabriquez vous ? Nous fabriquons exclusivement des produits tricot\u00e9s, exemple : pulls \/ bonnets \/ top \/ coiffe de si\u00e8ge \/ tige de chaussure \/ \u00e9quipement de protection \u2026 Combien de temps est n\u00e9cessaire pour tricoter un pull? Les temps de tricotage varient de 20 \u00e0 80minutes, en fonction de&hellip;  Lire la suite\" \/>\n<meta property=\"og:url\" content=\"https:\/\/3d-tex.fr\/index.php\/faq\/\" \/>\n<meta property=\"og:site_name\" content=\"3D-Tex\" \/>\n<meta property=\"article:modified_time\" content=\"2023-05-03T15:04:17+00:00\" \/>\n<meta property=\"og:image\" content=\"https:\/\/3d-tex.fr\/wp-content\/uploads\/2021\/02\/cropped-product-top.jpg\" \/>\n\t<meta property=\"og:image:width\" content=\"2000\" \/>\n\t<meta property=\"og:image:height\" content=\"1198\" \/>\n<meta name=\"twitter:card\" content=\"summary_large_image\" \/>\n<meta name=\"twitter:label1\" content=\"Dur\u00e9e de lecture est.\">\n\t<meta name=\"twitter:data1\" content=\"2 minutes\">\n<script type=\"application\/ld+json\" class=\"yoast-schema-graph\">{\"@context\":\"https:\/\/schema.org\",\"@graph\":[{\"@type\":\"Organization\",\"@id\":\"https:\/\/3d-tex.fr\/#organization\",\"name\":\"3D-TEX\",\"url\":\"https:\/\/3d-tex.fr\/\",\"sameAs\":[\"https:\/\/www.instagram.com\/3dtex_saintmalo\/\",\"https:\/\/www.linkedin.com\/company\/3d-tex\"],\"logo\":{\"@type\":\"ImageObject\",\"@id\":\"https:\/\/3d-tex.fr\/#logo\",\"inLanguage\":\"fr-FR\",\"url\":\"https:\/\/3d-tex.fr\/wp-content\/uploads\/2021\/03\/Logo-3D-TEX-carre.jpg\",\"width\":628,\"height\":634,\"caption\":\"3D-TEX\"},\"image\":{\"@id\":\"https:\/\/3d-tex.fr\/#logo\"}},{\"@type\":\"WebSite\",\"@id\":\"https:\/\/3d-tex.fr\/#website\",\"url\":\"https:\/\/3d-tex.fr\/\",\"name\":\"3D-Tex\",\"description\":\"L&#039;Usine textile du futur\",\"publisher\":{\"@id\":\"https:\/\/3d-tex.fr\/#organization\"},\"potentialAction\":[{\"@type\":\"SearchAction\",\"target\":\"https:\/\/3d-tex.fr\/?s={search_term_string}\",\"query-input\":\"required name=search_term_string\"}],\"inLanguage\":\"fr-FR\"},{\"@type\":\"ImageObject\",\"@id\":\"https:\/\/3d-tex.fr\/index.php\/faq\/#primaryimage\",\"inLanguage\":\"fr-FR\",\"url\":\"https:\/\/3d-tex.fr\/wp-content\/uploads\/2021\/02\/cropped-product-top.jpg\",\"width\":2000,\"height\":1198},{\"@type\":\"WebPage\",\"@id\":\"https:\/\/3d-tex.fr\/index.php\/faq\/#webpage\",\"url\":\"https:\/\/3d-tex.fr\/index.php\/faq\/\",\"name\":\"FAQ - 3D-Tex\",\"isPartOf\":{\"@id\":\"https:\/\/3d-tex.fr\/#website\"},\"primaryImageOfPage\":{\"@id\":\"https:\/\/3d-tex.fr\/index.php\/faq\/#primaryimage\"},\"datePublished\":\"2021-03-15T15:07:32+00:00\",\"dateModified\":\"2023-05-03T15:04:17+00:00\",\"breadcrumb\":{\"@id\":\"https:\/\/3d-tex.fr\/index.php\/faq\/#breadcrumb\"},\"inLanguage\":\"fr-FR\",\"potentialAction\":[{\"@type\":\"ReadAction\",\"target\":[\"https:\/\/3d-tex.fr\/index.php\/faq\/\"]}]},{\"@type\":\"BreadcrumbList\",\"@id\":\"https:\/\/3d-tex.fr\/index.php\/faq\/#breadcrumb\",\"itemListElement\":[{\"@type\":\"ListItem\",\"position\":1,\"item\":{\"@type\":\"WebPage\",\"@id\":\"https:\/\/3d-tex.fr\/\",\"url\":\"https:\/\/3d-tex.fr\/\",\"name\":\"Accueil\"}},{\"@type\":\"ListItem\",\"position\":2,\"item\":{\"@type\":\"WebPage\",\"@id\":\"https:\/\/3d-tex.fr\/index.php\/faq\/\",\"url\":\"https:\/\/3d-tex.fr\/index.php\/faq\/\",\"name\":\"FAQ\"}}]}]}<\/script>\n<!-- \/ Yoast SEO plugin. -->","_links":{"self":[{"href":"https:\/\/3d-tex.fr\/index.php\/wp-json\/wp\/v2\/pages\/1379"}],"collection":[{"href":"https:\/\/3d-tex.fr\/index.php\/wp-json\/wp\/v2\/pages"}],"about":[{"href":"https:\/\/3d-tex.fr\/index.php\/wp-json\/wp\/v2\/types\/page"}],"author":[{"embeddable":true,"href":"https:\/\/3d-tex.fr\/index.php\/wp-json\/wp\/v2\/users\/1"}],"replies":[{"embeddable":true,"href":"https:\/\/3d-tex.fr\/index.php\/wp-json\/wp\/v2\/comments?post=1379"}],"version-history":[{"count":6,"href":"https:\/\/3d-tex.fr\/index.php\/wp-json\/wp\/v2\/pages\/1379\/revisions"}],"predecessor-version":[{"id":1504,"href":"https:\/\/3d-tex.fr\/index.php\/wp-json\/wp\/v2\/pages\/1379\/revisions\/1504"}],"wp:featuredmedia":[{"embeddable":true,"href":"https:\/\/3d-tex.fr\/index.php\/wp-json\/wp\/v2\/media\/411"}],"wp:attachment":[{"href":"https:\/\/3d-tex.fr\/index.php\/wp-json\/wp\/v2\/media?parent=1379"}],"curies":[{"name":"wp","href":"https:\/\/api.w.org\/{rel}","templated":true}]}}