{"id":1408,"date":"2021-03-18T17:01:38","date_gmt":"2021-03-18T16:01:38","guid":{"rendered":"http:\/\/3d-tex.fr\/?page_id=1408"},"modified":"2021-03-24T18:00:54","modified_gmt":"2021-03-24T17:00:54","slug":"jumeaux-virtuels","status":"publish","type":"page","link":"https:\/\/3d-tex.fr\/index.php\/jumeaux-virtuels\/","title":{"rendered":"JUMEAUX VIRTUELS"},"content":{"rendered":"\n<h2>En tant que client, vous validerez bien \u00e9videmment des mod\u00e8les physiques qui vous permettront de juger de la qualit\u00e9 de nos productions.<\/h2>\n\n\n\n<h2>En amont, <strong>3D-Tex met en place des jumeaux virtuels.<\/strong><\/h2>\n\n\n\n<h2>En <strong>digitalisant les process<\/strong>, 3D-TEX acc\u00e9l\u00e8re les \u00e9tapes de d\u00e9veloppement et de <strong>mise au point \u00e0 la fabrication<\/strong>.<\/h2>\n\n\n\n<h4><\/h4>\n\n\n\n<h1 class=\"has-text-color\" style=\"color:#59bda8\"><strong>1ERE ETAPE :<\/strong><\/h1>\n\n\n\n<div class=\"wp-block-columns\">\n<div class=\"wp-block-column\" style=\"flex-basis:50%\">\n<h2 class=\"has-text-color\" style=\"color:#59bda8\">&#8211; <strong>Patronage Virtuel<\/strong><\/h2>\n\n\n\n<p class=\"has-black-color has-text-color\" style=\"font-size:19px\">Sur base du cahier des charges client, nos programmeurs d\u00e9veloppent un patronage virtuel, qui servira de base pour les \u00e9tapes suivantes.  <\/p>\n<\/div>\n\n\n\n<div class=\"wp-block-column\">\n<figure class=\"wp-block-image size-full is-resized is-style-default\"><img loading=\"lazy\" src=\"http:\/\/3d-tex.fr\/wp-content\/uploads\/2021\/03\/Patron-numerique.jpg\" alt=\"\" class=\"wp-image-1403\" width=\"408\" height=\"311\"\/><\/figure>\n<\/div>\n<\/div>\n\n\n\n<div class=\"wp-block-columns\">\n<div class=\"wp-block-column\">\n<h2 class=\"has-text-align-left has-text-color\" style=\"color:#59bda8\">&#8211; Base de fils Virtuels<\/h2>\n\n\n\n<p class=\"has-text-align-left has-black-color has-text-color\" style=\"font-size:19px\">3D-TEX est en mesure de scanner tout type de fil, afin d&rsquo;en capter ses caract\u00e9ristiques (\u00e9volutions de couleurs, asp\u00e9rit\u00e9) et ainsi de reproduire des tricots hyper r\u00e9alistes.<\/p>\n<\/div>\n\n\n\n<div class=\"wp-block-column\"><\/div>\n<\/div>\n\n\n\n<div class=\"wp-block-columns\">\n<div class=\"wp-block-column\">\n<div class=\"wp-block-image is-style-default\"><figure class=\"aligncenter size-full\"><img loading=\"lazy\" width=\"1223\" height=\"548\" src=\"http:\/\/3d-tex.fr\/wp-content\/uploads\/2021\/03\/DETAIL-TISSU.jpg\" alt=\"\" class=\"wp-image-1427\" srcset=\"https:\/\/3d-tex.fr\/wp-content\/uploads\/2021\/03\/DETAIL-TISSU.jpg 1223w, https:\/\/3d-tex.fr\/wp-content\/uploads\/2021\/03\/DETAIL-TISSU-768x344.jpg 768w\" sizes=\"(max-width: 1223px) 100vw, 1223px\" \/><\/figure><\/div>\n<\/div>\n<\/div>\n\n\n\n<div class=\"wp-block-columns\">\n<div class=\"wp-block-column\">\n<h2 class=\"has-text-align-left has-text-color\" style=\"color:#59bda8\">&#8211; Mod\u00e8le Virtuel<\/h2>\n\n\n\n<p class=\"has-text-align-left has-black-color has-text-color\" style=\"font-size:19px\">Gr\u00e2ce au programme et au fil que nous avons digitalis\u00e9, 3D-TEX vous permet de visualiser votre mod\u00e8le de mani\u00e8re virtuelle, que nous pourrons personnaliser en changeant le coloris, la forme ou les mesures.<\/p>\n<\/div>\n\n\n\n<div class=\"wp-block-column\"><\/div>\n<\/div>\n\n\n\n<div class=\"wp-block-columns\">\n<div class=\"wp-block-column\">\n<div class=\"wp-block-image is-style-default\"><figure class=\"aligncenter size-full is-resized\"><img loading=\"lazy\" src=\"http:\/\/3d-tex.fr\/wp-content\/uploads\/2021\/03\/Sans-titre-5.jpg\" alt=\"\" class=\"wp-image-1405\" width=\"1025\" height=\"576\"\/><\/figure><\/div>\n<\/div>\n<\/div>\n\n\n\n<h3 class=\"has-text-align-center has-black-color has-text-color\">Ce mod\u00e8le virtuel est partag\u00e9 en temps r\u00e9el aux <strong>\u00e9quipes de cr\u00e9ation et de production<\/strong> pour validation<\/h3>\n\n\n\n<p><\/p>\n\n\n\n<h1 class=\"has-text-color\" style=\"color:#59bda8\">2EME ETAPE :<\/h1>\n\n\n\n<div class=\"wp-block-columns\">\n<div class=\"wp-block-column\">\n<h2 class=\"has-text-color\" style=\"color:#59bda9\">&#8211; Mise au point Virtuelle<\/h2>\n\n\n\n<p class=\"has-black-color has-text-color\" style=\"font-size:19px\">Apr\u00e8s validation du mod\u00e8le virtuel par vos \u00e9quipes, nous ferons \u00e9voluer les mensurations du mod\u00e8le sur un avatar, lui aussi virtuel, et \u00e0 vos mesures.<\/p>\n\n\n\n<p class=\"has-black-color has-text-color\" style=\"font-size:19px\"><\/p>\n<\/div>\n\n\n\n<div class=\"wp-block-column\">\n<figure class=\"wp-block-image size-full is-style-default\"><img loading=\"lazy\" width=\"1920\" height=\"1200\" src=\"http:\/\/3d-tex.fr\/wp-content\/uploads\/2021\/03\/Mise-au-pt-Virtuel.jpg\" alt=\"\" class=\"wp-image-1406\" srcset=\"https:\/\/3d-tex.fr\/wp-content\/uploads\/2021\/03\/Mise-au-pt-Virtuel.jpg 1920w, https:\/\/3d-tex.fr\/wp-content\/uploads\/2021\/03\/Mise-au-pt-Virtuel-768x480.jpg 768w\" sizes=\"(max-width: 1920px) 100vw, 1920px\" \/><\/figure>\n<\/div>\n<\/div>\n\n\n\n<h3 class=\"has-text-align-center\">Les zones de confort ou de tension sont mod\u00e9lis\u00e9es par des zones de couleurs (ici en bleu ou en rouge)<\/h3>\n\n\n\n<p><\/p>\n\n\n\n<h1 class=\"has-text-color\" style=\"color:#59bda8\">3EME ETAPE :<\/h1>\n\n\n\n<div class=\"wp-block-columns\">\n<div class=\"wp-block-column\">\n<h2 class=\"has-text-color\" style=\"color:#59bda8\">&#8211; Fabrication Virtuelle<\/h2>\n\n\n\n<p class=\"has-black-color has-text-color\" style=\"font-size:19px\">Enfin, nous lan\u00e7ons une fabrication virtuelle pour affiner les r\u00e9glages de la machine et vous  proposer la production la plus qualitative et rapide possible.<\/p>\n<\/div>\n\n\n\n<div class=\"wp-block-column\">\n<figure class=\"wp-block-image size-full is-style-default\"><img loading=\"lazy\" width=\"1920\" height=\"1200\" src=\"http:\/\/3d-tex.fr\/wp-content\/uploads\/2021\/03\/Fabrication-Virtuelle.jpg\" alt=\"\" class=\"wp-image-1407\" srcset=\"https:\/\/3d-tex.fr\/wp-content\/uploads\/2021\/03\/Fabrication-Virtuelle.jpg 1920w, https:\/\/3d-tex.fr\/wp-content\/uploads\/2021\/03\/Fabrication-Virtuelle-768x480.jpg 768w\" sizes=\"(max-width: 1920px) 100vw, 1920px\" \/><\/figure>\n<\/div>\n<\/div>\n\n\n\n<h3 class=\"has-text-align-center has-black-color has-text-color\">La fabrication virtuelle est un excellent outil qui permet d&rsquo;am\u00e9liorer le tricotage physique.<\/h3>\n\n\n\n<p class=\"has-white-color has-text-color\">3D-Tex<\/p>\n\n\n\n<div class=\"wp-block-buttons is-content-justification-center\">\n<div class=\"wp-block-button is-style-outline\"><a class=\"wp-block-button__link has-text-color no-border-radius\" href=\"http:\/\/3d-tex.fr\/index.php\/3d-tex-services\/\" style=\"color:#59bda8\">NOS SERVICES<\/a><\/div>\n<\/div>\n\n\n\n<p><\/p>\n","protected":false},"excerpt":{"rendered":"<p>En tant que client, vous validerez bien \u00e9videmment des mod\u00e8les physiques qui vous permettront de juger de la qualit\u00e9 de nos productions. En amont, 3D-Tex met en place des jumeaux virtuels. En digitalisant les process, 3D-TEX acc\u00e9l\u00e8re les \u00e9tapes de d\u00e9veloppement et de mise au point \u00e0 la fabrication. 1ERE ETAPE : &#8211; Patronage Virtuel Sur base du cahier des charges client, nos programmeurs d\u00e9veloppent un patronage virtuel, qui servira de base pour les \u00e9tapes suivantes. &#8211; Base de fils Virtuels 3D-TEX est en mesure de scanner tout type de fil, afin d&rsquo;en capter ses caract\u00e9ristiques (\u00e9volutions de couleurs, asp\u00e9rit\u00e9) et ainsi de reproduire des tricots hyper r\u00e9alistes. &#8211; Mod\u00e8le Virtuel Gr\u00e2ce au programme et au fil que nous avons digitalis\u00e9, 3D-TEX vous permet de visualiser votre mod\u00e8le de mani\u00e8re virtuelle, que nous pourrons personnaliser en changeant le coloris, la forme ou les mesures. Ce mod\u00e8le virtuel est partag\u00e9 en&hellip;<\/p>\n<p> <a class=\"more-link\" href=\"https:\/\/3d-tex.fr\/index.php\/jumeaux-virtuels\/\">Lire la suite<\/a><\/p>\n","protected":false},"author":1,"featured_media":1438,"parent":0,"menu_order":0,"comment_status":"closed","ping_status":"closed","template":"","meta":[],"yoast_head":"<!-- This site is optimized with the Yoast SEO plugin v16.0.1 - https:\/\/yoast.com\/wordpress\/plugins\/seo\/ -->\n<title>JUMEAUX VIRTUELS - 3D-Tex<\/title>\n<link rel=\"canonical\" href=\"https:\/\/3d-tex.fr\/index.php\/jumeaux-virtuels\/\" \/>\n<meta property=\"og:locale\" content=\"fr_FR\" \/>\n<meta property=\"og:type\" content=\"article\" \/>\n<meta property=\"og:title\" content=\"JUMEAUX VIRTUELS - 3D-Tex\" \/>\n<meta property=\"og:description\" content=\"En tant que client, vous validerez bien \u00e9videmment des mod\u00e8les physiques qui vous permettront de juger de la qualit\u00e9 de nos productions. En amont, 3D-Tex met en place des jumeaux virtuels. En digitalisant les process, 3D-TEX acc\u00e9l\u00e8re les \u00e9tapes de d\u00e9veloppement et de mise au point \u00e0 la fabrication. 1ERE ETAPE : &#8211; Patronage Virtuel Sur base du cahier des charges client, nos programmeurs d\u00e9veloppent un patronage virtuel, qui servira de base pour les \u00e9tapes suivantes. &#8211; Base de fils Virtuels 3D-TEX est en mesure de scanner tout type de fil, afin d&rsquo;en capter ses caract\u00e9ristiques (\u00e9volutions de couleurs, asp\u00e9rit\u00e9) et ainsi de reproduire des tricots hyper r\u00e9alistes. &#8211; Mod\u00e8le Virtuel Gr\u00e2ce au programme et au fil que nous avons digitalis\u00e9, 3D-TEX vous permet de visualiser votre mod\u00e8le de mani\u00e8re virtuelle, que nous pourrons personnaliser en changeant le coloris, la forme ou les mesures. Ce mod\u00e8le virtuel est partag\u00e9 en&hellip;  Lire la suite\" \/>\n<meta property=\"og:url\" content=\"https:\/\/3d-tex.fr\/index.php\/jumeaux-virtuels\/\" \/>\n<meta property=\"og:site_name\" content=\"3D-Tex\" \/>\n<meta property=\"article:modified_time\" content=\"2021-03-24T17:00:54+00:00\" \/>\n<meta property=\"og:image\" content=\"https:\/\/3d-tex.fr\/wp-content\/uploads\/2021\/03\/20210204_115721-scaled.jpg\" \/>\n\t<meta property=\"og:image:width\" content=\"2560\" \/>\n\t<meta property=\"og:image:height\" content=\"1920\" \/>\n<meta name=\"twitter:card\" content=\"summary_large_image\" \/>\n<meta name=\"twitter:label1\" content=\"Dur\u00e9e de lecture est.\">\n\t<meta name=\"twitter:data1\" content=\"3 minutes\">\n<script type=\"application\/ld+json\" class=\"yoast-schema-graph\">{\"@context\":\"https:\/\/schema.org\",\"@graph\":[{\"@type\":\"Organization\",\"@id\":\"https:\/\/3d-tex.fr\/#organization\",\"name\":\"3D-TEX\",\"url\":\"https:\/\/3d-tex.fr\/\",\"sameAs\":[\"https:\/\/www.instagram.com\/3dtex_saintmalo\/\",\"https:\/\/www.linkedin.com\/company\/3d-tex\"],\"logo\":{\"@type\":\"ImageObject\",\"@id\":\"https:\/\/3d-tex.fr\/#logo\",\"inLanguage\":\"fr-FR\",\"url\":\"https:\/\/3d-tex.fr\/wp-content\/uploads\/2021\/03\/Logo-3D-TEX-carre.jpg\",\"width\":628,\"height\":634,\"caption\":\"3D-TEX\"},\"image\":{\"@id\":\"https:\/\/3d-tex.fr\/#logo\"}},{\"@type\":\"WebSite\",\"@id\":\"https:\/\/3d-tex.fr\/#website\",\"url\":\"https:\/\/3d-tex.fr\/\",\"name\":\"3D-Tex\",\"description\":\"L&#039;Usine textile du futur\",\"publisher\":{\"@id\":\"https:\/\/3d-tex.fr\/#organization\"},\"potentialAction\":[{\"@type\":\"SearchAction\",\"target\":\"https:\/\/3d-tex.fr\/?s={search_term_string}\",\"query-input\":\"required name=search_term_string\"}],\"inLanguage\":\"fr-FR\"},{\"@type\":\"ImageObject\",\"@id\":\"https:\/\/3d-tex.fr\/index.php\/jumeaux-virtuels\/#primaryimage\",\"inLanguage\":\"fr-FR\",\"url\":\"https:\/\/3d-tex.fr\/wp-content\/uploads\/2021\/03\/20210204_115721-scaled.jpg\",\"width\":2560,\"height\":1920},{\"@type\":\"WebPage\",\"@id\":\"https:\/\/3d-tex.fr\/index.php\/jumeaux-virtuels\/#webpage\",\"url\":\"https:\/\/3d-tex.fr\/index.php\/jumeaux-virtuels\/\",\"name\":\"JUMEAUX VIRTUELS - 3D-Tex\",\"isPartOf\":{\"@id\":\"https:\/\/3d-tex.fr\/#website\"},\"primaryImageOfPage\":{\"@id\":\"https:\/\/3d-tex.fr\/index.php\/jumeaux-virtuels\/#primaryimage\"},\"datePublished\":\"2021-03-18T16:01:38+00:00\",\"dateModified\":\"2021-03-24T17:00:54+00:00\",\"breadcrumb\":{\"@id\":\"https:\/\/3d-tex.fr\/index.php\/jumeaux-virtuels\/#breadcrumb\"},\"inLanguage\":\"fr-FR\",\"potentialAction\":[{\"@type\":\"ReadAction\",\"target\":[\"https:\/\/3d-tex.fr\/index.php\/jumeaux-virtuels\/\"]}]},{\"@type\":\"BreadcrumbList\",\"@id\":\"https:\/\/3d-tex.fr\/index.php\/jumeaux-virtuels\/#breadcrumb\",\"itemListElement\":[{\"@type\":\"ListItem\",\"position\":1,\"item\":{\"@type\":\"WebPage\",\"@id\":\"https:\/\/3d-tex.fr\/\",\"url\":\"https:\/\/3d-tex.fr\/\",\"name\":\"Accueil\"}},{\"@type\":\"ListItem\",\"position\":2,\"item\":{\"@type\":\"WebPage\",\"@id\":\"https:\/\/3d-tex.fr\/index.php\/jumeaux-virtuels\/\",\"url\":\"https:\/\/3d-tex.fr\/index.php\/jumeaux-virtuels\/\",\"name\":\"JUMEAUX VIRTUELS\"}}]}]}<\/script>\n<!-- \/ Yoast SEO plugin. -->","_links":{"self":[{"href":"https:\/\/3d-tex.fr\/index.php\/wp-json\/wp\/v2\/pages\/1408"}],"collection":[{"href":"https:\/\/3d-tex.fr\/index.php\/wp-json\/wp\/v2\/pages"}],"about":[{"href":"https:\/\/3d-tex.fr\/index.php\/wp-json\/wp\/v2\/types\/page"}],"author":[{"embeddable":true,"href":"https:\/\/3d-tex.fr\/index.php\/wp-json\/wp\/v2\/users\/1"}],"replies":[{"embeddable":true,"href":"https:\/\/3d-tex.fr\/index.php\/wp-json\/wp\/v2\/comments?post=1408"}],"version-history":[{"count":14,"href":"https:\/\/3d-tex.fr\/index.php\/wp-json\/wp\/v2\/pages\/1408\/revisions"}],"predecessor-version":[{"id":1445,"href":"https:\/\/3d-tex.fr\/index.php\/wp-json\/wp\/v2\/pages\/1408\/revisions\/1445"}],"wp:featuredmedia":[{"embeddable":true,"href":"https:\/\/3d-tex.fr\/index.php\/wp-json\/wp\/v2\/media\/1438"}],"wp:attachment":[{"href":"https:\/\/3d-tex.fr\/index.php\/wp-json\/wp\/v2\/media?parent=1408"}],"curies":[{"name":"wp","href":"https:\/\/api.w.org\/{rel}","templated":true}]}}